{"id":2,"date":"2012-05-02T07:58:29","date_gmt":"2012-05-02T07:58:29","guid":{"rendered":"http:\/\/sc-langenbieber.de\/?page_id=2"},"modified":"2023-06-06T10:25:42","modified_gmt":"2023-06-06T10:25:42","slug":"beispiel-seite","status":"publish","type":"page","link":"http:\/\/sc-langenbieber.de\/","title":{"rendered":""},"content":{"rendered":"<p align=\"center\"><span style=\"color: #0000ff;\"><span style=\"font-family: Arial, sans-serif;\"><span style=\"font-size: xx-large;\">Willkommen auf den Seiten des Schachclub Langenbieber<\/span><\/span><\/span><\/p>\n<p align=\"center\"><span style=\"color: #000000;\"><span style=\"font-family: Arial, sans-serif;\"><span style=\"font-size: large;\">Interessieren Sie sich f\u00fcr das &#8222;k\u00f6nigliche Spiel&#8220;? Dann sind Sie richtig auf unseren Seiten rund um das Hobby Schach!<\/span><\/span><\/span><\/p>\n<p align=\"center\"><span style=\"color: #000000;\"><span style=\"font-family: Arial, sans-serif;\"><span style=\"font-size: large;\">Kein anderes Spiel ist auf der Welt so weit verbreitet und so popul\u00e4r wie das Schachspiel! Auch in Deutschland hat es \u00fcber eine Million Menschen in seinen Bann gezogen und gewinnt immer wieder neue Anh\u00e4nger.<\/span><\/span><\/span><\/p>\n<p align=\"center\"><span style=\"color: #000000;\"><span style=\"font-family: Arial, sans-serif;\"><span style=\"font-size: large;\">Es macht Vergn\u00fcgen, auf dem Schachbrett zu k\u00e4mpfen, sich immer wieder neue Z\u00fcge auszudenken und zu versuchen, die Reaktionen des Gegners vorherzusehen. Jede Partie verl\u00e4uft wieder anders und st\u00e4ndig gibt es neue Situationen, auf die es sich einzustellen gilt.<\/span><\/span><\/span><\/p>\n<p align=\"center\"><span style=\"color: #000000;\"><span style=\"font-family: Arial, sans-serif;\"><span style=\"font-size: large;\">Man muss jedoch keinesfalls \u00fcberaus intelligent sein, um Schach zu lernen &#8211; \u00dcbung macht hier den Meister. Zum Erlernen des Spiels ist man nie zu alt, allerdings ist es kein Fehler, Schach bereits in jungen Jahren zu lernen, denn: das &#8222;k\u00f6nigliche Spiel&#8220; f\u00f6rdert die Konzentrationsf\u00e4higkeit, das Erinnerungs- und das Denkverm\u00f6gen&#8230;.<\/span><\/span><\/span><\/p>\n<h3 align=\"center\"><span style=\"color: #507cff;\"><span style=\"font-family: Arial,sans-serif;\"><span style=\"font-size: large;\"><strong>Spielabend:<\/strong><\/span><\/span><\/span><\/h3>\n<h1 style=\"text-align: center;\">Montag 19.30Uhr<\/h1>\n<p style=\"text-align: center;\">Gasthof &#8220; Zur Linde&#8220; in Langenbieber<\/p>\n<p align=\"center\">Jugend nach Absprache<\/p>\n\n<div class=\"wp-block-image\">\n<figure class=\"aligncenter size-large\"><img loading=\"lazy\" decoding=\"async\" width=\"368\" height=\"270\" src=\"http:\/\/sc-langenbieber.de\/wp-content\/uploads\/2020\/02\/linde.jpg\" alt=\"\" class=\"wp-image-955\" srcset=\"http:\/\/sc-langenbieber.de\/wp-content\/uploads\/2020\/02\/linde.jpg 368w, http:\/\/sc-langenbieber.de\/wp-content\/uploads\/2020\/02\/linde-300x220.jpg 300w\" sizes=\"auto, (max-width: 368px) 100vw, 368px\" \/><\/figure>\n<\/div>\n\n\n<p class=\"has-text-align-center\"> <\/p>\n","protected":false},"excerpt":{"rendered":"<p>Willkommen auf den Seiten des Schachclub Langenbieber Interessieren Sie sich f\u00fcr das &#8222;k\u00f6nigliche Spiel&#8220;? Dann sind Sie richtig auf unseren Seiten rund um das Hobby Schach! Kein anderes Spiel ist auf der Welt so weit verbreitet und so popul\u00e4r wie &hellip; <a href=\"http:\/\/sc-langenbieber.de\/\">Weiterlesen <span class=\"meta-nav\">&rarr;<\/span><\/a><\/p>\n","protected":false},"author":1,"featured_media":0,"parent":0,"menu_order":0,"comment_status":"closed","ping_status":"closed","template":"","meta":{"ngg_post_thumbnail":0,"footnotes":""},"class_list":["post-2","page","type-page","status-publish","hentry"],"_links":{"self":[{"href":"http:\/\/sc-langenbieber.de\/index.php\/wp-json\/wp\/v2\/pages\/2","targetHints":{"allow":["GET"]}}],"collection":[{"href":"http:\/\/sc-langenbieber.de\/index.php\/wp-json\/wp\/v2\/pages"}],"about":[{"href":"http:\/\/sc-langenbieber.de\/index.php\/wp-json\/wp\/v2\/types\/page"}],"author":[{"embeddable":true,"href":"http:\/\/sc-langenbieber.de\/index.php\/wp-json\/wp\/v2\/users\/1"}],"replies":[{"embeddable":true,"href":"http:\/\/sc-langenbieber.de\/index.php\/wp-json\/wp\/v2\/comments?post=2"}],"version-history":[{"count":0,"href":"http:\/\/sc-langenbieber.de\/index.php\/wp-json\/wp\/v2\/pages\/2\/revisions"}],"wp:attachment":[{"href":"http:\/\/sc-langenbieber.de\/index.php\/wp-json\/wp\/v2\/media?parent=2"}],"curies":[{"name":"wp","href":"https:\/\/api.w.org\/{rel}","templated":true}]}}